{"id":6451,"date":"2023-09-11T10:13:24","date_gmt":"2023-09-11T08:13:24","guid":{"rendered":"https:\/\/www.mickyweis.com\/skal-vi-arbejde-sammen\/"},"modified":"2024-08-19T10:17:28","modified_gmt":"2024-08-19T08:17:28","slug":"external-cmo","status":"publish","type":"page","link":"https:\/\/www.mickyweis.com\/en\/external-cmo\/","title":{"rendered":"Ready to join forces?"},"content":{"rendered":"","protected":false},"excerpt":{"rendered":"","protected":false},"author":2,"featured_media":0,"parent":0,"menu_order":0,"comment_status":"closed","ping_status":"closed","template":"templates\/simple-header.php","meta":{"_acf_changed":false,"footnotes":""},"class_list":["post-6451","page","type-page","status-publish","hentry"],"acf":[],"yoast_head":"<!-- This site is optimized with the Yoast SEO plugin v27.6 - https:\/\/yoast.com\/product\/yoast-seo-wordpress\/ -->\n<title>Time to join forces? \u00bb Apply today; no obligations attached.<\/title>\n<meta name=\"description\" content=\"Need assistance on the digital front? I&#039;m happy to help, whether I can assist personally or refer you to someone who can.\" \/>\n<meta name=\"robots\" content=\"index, follow, max-snippet:-1, max-image-preview:large, max-video-preview:-1\" \/>\n<link rel=\"canonical\" href=\"https:\/\/www.mickyweis.com\/en\/external-cmo\/\" \/>\n<meta property=\"og:locale\" content=\"en_US\" \/>\n<meta property=\"og:type\" content=\"article\" \/>\n<meta property=\"og:title\" content=\"Time to join forces? \u00bb Apply today; no obligations attached.\" \/>\n<meta property=\"og:description\" content=\"Need assistance on the digital front? I&#039;m happy to help, whether I can assist personally or refer you to someone who can.\" \/>\n<meta property=\"og:url\" content=\"https:\/\/www.mickyweis.com\/en\/external-cmo\/\" \/>\n<meta property=\"og:site_name\" content=\"Micky Weis\" \/>\n<meta property=\"article:publisher\" content=\"https:\/\/www.facebook.com\/mickyweisen\" \/>\n<meta property=\"article:modified_time\" content=\"2024-08-19T08:17:28+00:00\" \/>\n<meta name=\"twitter:card\" content=\"summary_large_image\" \/>\n<script type=\"application\/ld+json\" class=\"yoast-schema-graph\">{\"@context\":\"https:\\\/\\\/schema.org\",\"@graph\":[{\"@type\":\"WebPage\",\"@id\":\"https:\\\/\\\/www.mickyweis.com\\\/en\\\/external-cmo\\\/\",\"url\":\"https:\\\/\\\/www.mickyweis.com\\\/en\\\/external-cmo\\\/\",\"name\":\"Time to join forces? \u00bb Apply today; no obligations attached.\",\"isPartOf\":{\"@id\":\"https:\\\/\\\/www.mickyweis.com\\\/en\\\/#website\"},\"datePublished\":\"2023-09-11T08:13:24+00:00\",\"dateModified\":\"2024-08-19T08:17:28+00:00\",\"description\":\"Need assistance on the digital front? I'm happy to help, whether I can assist personally or refer you to someone who can.\",\"breadcrumb\":{\"@id\":\"https:\\\/\\\/www.mickyweis.com\\\/en\\\/external-cmo\\\/#breadcrumb\"},\"inLanguage\":\"en-US\",\"potentialAction\":[{\"@type\":\"ReadAction\",\"target\":[\"https:\\\/\\\/www.mickyweis.com\\\/en\\\/external-cmo\\\/\"]}]},{\"@type\":\"BreadcrumbList\",\"@id\":\"https:\\\/\\\/www.mickyweis.com\\\/en\\\/external-cmo\\\/#breadcrumb\",\"itemListElement\":[{\"@type\":\"ListItem\",\"position\":1,\"name\":\"Home\",\"item\":\"https:\\\/\\\/www.mickyweis.com\\\/en\\\/\"},{\"@type\":\"ListItem\",\"position\":2,\"name\":\"Ready to join forces?\"}]},{\"@type\":\"WebSite\",\"@id\":\"https:\\\/\\\/www.mickyweis.com\\\/en\\\/#website\",\"url\":\"https:\\\/\\\/www.mickyweis.com\\\/en\\\/\",\"name\":\"Micky Weis\",\"description\":\"Online markedsf\u00f8ring siden 2009 \u00bb Lad os rykke jer til n\u00e6ste niveau\",\"publisher\":{\"@id\":\"https:\\\/\\\/www.mickyweis.com\\\/en\\\/#\\\/schema\\\/person\\\/a8c8fbec7274a0998c68287a1c5faaea\"},\"potentialAction\":[{\"@type\":\"SearchAction\",\"target\":{\"@type\":\"EntryPoint\",\"urlTemplate\":\"https:\\\/\\\/www.mickyweis.com\\\/en\\\/?s={search_term_string}\"},\"query-input\":{\"@type\":\"PropertyValueSpecification\",\"valueRequired\":true,\"valueName\":\"search_term_string\"}}],\"inLanguage\":\"en-US\"},{\"@type\":[\"Person\",\"Organization\"],\"@id\":\"https:\\\/\\\/www.mickyweis.com\\\/en\\\/#\\\/schema\\\/person\\\/a8c8fbec7274a0998c68287a1c5faaea\",\"name\":\"Micky Weis\",\"image\":{\"@type\":\"ImageObject\",\"inLanguage\":\"en-US\",\"@id\":\"https:\\\/\\\/www.mickyweis.com\\\/wp-content\\\/uploads\\\/2021\\\/05\\\/micky-1024x899-1.jpg\",\"url\":\"https:\\\/\\\/www.mickyweis.com\\\/wp-content\\\/uploads\\\/2021\\\/05\\\/micky-1024x899-1.jpg\",\"contentUrl\":\"https:\\\/\\\/www.mickyweis.com\\\/wp-content\\\/uploads\\\/2021\\\/05\\\/micky-1024x899-1.jpg\",\"width\":1024,\"height\":899,\"caption\":\"Micky Weis\"},\"logo\":{\"@id\":\"https:\\\/\\\/www.mickyweis.com\\\/wp-content\\\/uploads\\\/2021\\\/05\\\/micky-1024x899-1.jpg\"},\"description\":\"Micky Weis er en af Danmarks mest erfarne digitale marketingeksperter med n\u00e6sten 20 \u00e5rs erfaring. Han arbejder som fractional CMO og specialiserer sig i SEO, organisk v\u00e6kst, AI i marketing, affiliate og kommerciel strategi. Han har arbejdet med brands som Hummel, Matas, Tattoodo og Firtal, og driver i dag sin egen praksis, Weisio, fra K\u00f8benhavn.\",\"sameAs\":[\"https:\\\/\\\/www.mickyweis.com\\\/\",\"https:\\\/\\\/www.facebook.com\\\/mickyweisen\",\"https:\\\/\\\/www.linkedin.com\\\/in\\\/mickyweis\\\/\"]}]}<\/script>\n<!-- \/ Yoast SEO plugin. -->","yoast_head_json":{"title":"Time to join forces? \u00bb Apply today; no obligations attached.","description":"Need assistance on the digital front? I'm happy to help, whether I can assist personally or refer you to someone who can.","robots":{"index":"index","follow":"follow","max-snippet":"max-snippet:-1","max-image-preview":"max-image-preview:large","max-video-preview":"max-video-preview:-1"},"canonical":"https:\/\/www.mickyweis.com\/en\/external-cmo\/","og_locale":"en_US","og_type":"article","og_title":"Time to join forces? \u00bb Apply today; no obligations attached.","og_description":"Need assistance on the digital front? I'm happy to help, whether I can assist personally or refer you to someone who can.","og_url":"https:\/\/www.mickyweis.com\/en\/external-cmo\/","og_site_name":"Micky Weis","article_publisher":"https:\/\/www.facebook.com\/mickyweisen","article_modified_time":"2024-08-19T08:17:28+00:00","twitter_card":"summary_large_image","schema":{"@context":"https:\/\/schema.org","@graph":[{"@type":"WebPage","@id":"https:\/\/www.mickyweis.com\/en\/external-cmo\/","url":"https:\/\/www.mickyweis.com\/en\/external-cmo\/","name":"Time to join forces? \u00bb Apply today; no obligations attached.","isPartOf":{"@id":"https:\/\/www.mickyweis.com\/en\/#website"},"datePublished":"2023-09-11T08:13:24+00:00","dateModified":"2024-08-19T08:17:28+00:00","description":"Need assistance on the digital front? I'm happy to help, whether I can assist personally or refer you to someone who can.","breadcrumb":{"@id":"https:\/\/www.mickyweis.com\/en\/external-cmo\/#breadcrumb"},"inLanguage":"en-US","potentialAction":[{"@type":"ReadAction","target":["https:\/\/www.mickyweis.com\/en\/external-cmo\/"]}]},{"@type":"BreadcrumbList","@id":"https:\/\/www.mickyweis.com\/en\/external-cmo\/#breadcrumb","itemListElement":[{"@type":"ListItem","position":1,"name":"Home","item":"https:\/\/www.mickyweis.com\/en\/"},{"@type":"ListItem","position":2,"name":"Ready to join forces?"}]},{"@type":"WebSite","@id":"https:\/\/www.mickyweis.com\/en\/#website","url":"https:\/\/www.mickyweis.com\/en\/","name":"Micky Weis","description":"Online markedsf\u00f8ring siden 2009 \u00bb Lad os rykke jer til n\u00e6ste niveau","publisher":{"@id":"https:\/\/www.mickyweis.com\/en\/#\/schema\/person\/a8c8fbec7274a0998c68287a1c5faaea"},"potentialAction":[{"@type":"SearchAction","target":{"@type":"EntryPoint","urlTemplate":"https:\/\/www.mickyweis.com\/en\/?s={search_term_string}"},"query-input":{"@type":"PropertyValueSpecification","valueRequired":true,"valueName":"search_term_string"}}],"inLanguage":"en-US"},{"@type":["Person","Organization"],"@id":"https:\/\/www.mickyweis.com\/en\/#\/schema\/person\/a8c8fbec7274a0998c68287a1c5faaea","name":"Micky Weis","image":{"@type":"ImageObject","inLanguage":"en-US","@id":"https:\/\/www.mickyweis.com\/wp-content\/uploads\/2021\/05\/micky-1024x899-1.jpg","url":"https:\/\/www.mickyweis.com\/wp-content\/uploads\/2021\/05\/micky-1024x899-1.jpg","contentUrl":"https:\/\/www.mickyweis.com\/wp-content\/uploads\/2021\/05\/micky-1024x899-1.jpg","width":1024,"height":899,"caption":"Micky Weis"},"logo":{"@id":"https:\/\/www.mickyweis.com\/wp-content\/uploads\/2021\/05\/micky-1024x899-1.jpg"},"description":"Micky Weis er en af Danmarks mest erfarne digitale marketingeksperter med n\u00e6sten 20 \u00e5rs erfaring. Han arbejder som fractional CMO og specialiserer sig i SEO, organisk v\u00e6kst, AI i marketing, affiliate og kommerciel strategi. Han har arbejdet med brands som Hummel, Matas, Tattoodo og Firtal, og driver i dag sin egen praksis, Weisio, fra K\u00f8benhavn.","sameAs":["https:\/\/www.mickyweis.com\/","https:\/\/www.facebook.com\/mickyweisen","https:\/\/www.linkedin.com\/in\/mickyweis\/"]}]}},"_links":{"self":[{"href":"https:\/\/www.mickyweis.com\/en\/wp-json\/wp\/v2\/pages\/6451","targetHints":{"allow":["GET"]}}],"collection":[{"href":"https:\/\/www.mickyweis.com\/en\/wp-json\/wp\/v2\/pages"}],"about":[{"href":"https:\/\/www.mickyweis.com\/en\/wp-json\/wp\/v2\/types\/page"}],"author":[{"embeddable":true,"href":"https:\/\/www.mickyweis.com\/en\/wp-json\/wp\/v2\/users\/2"}],"replies":[{"embeddable":true,"href":"https:\/\/www.mickyweis.com\/en\/wp-json\/wp\/v2\/comments?post=6451"}],"version-history":[{"count":5,"href":"https:\/\/www.mickyweis.com\/en\/wp-json\/wp\/v2\/pages\/6451\/revisions"}],"predecessor-version":[{"id":8293,"href":"https:\/\/www.mickyweis.com\/en\/wp-json\/wp\/v2\/pages\/6451\/revisions\/8293"}],"wp:attachment":[{"href":"https:\/\/www.mickyweis.com\/en\/wp-json\/wp\/v2\/media?parent=6451"}],"curies":[{"name":"wp","href":"https:\/\/api.w.org\/{rel}","templated":true}]}}